{"id":7,"date":"2020-12-10T13:54:48","date_gmt":"2020-12-10T13:54:48","guid":{"rendered":"http:\/\/graafvanlynden.nl\/oliebollen\/winkelmand\/"},"modified":"2025-01-02T15:46:47","modified_gmt":"2025-01-02T14:46:47","slug":"winkelmand","status":"publish","type":"page","link":"https:\/\/graafvanlynden.nl\/oliebollen\/winkelmand\/","title":{"rendered":"Winkelmand"},"content":{"rendered":"\n<h5 class=\"wp-block-heading\"><em><strong>Let op:<\/strong> Wanneer u meerdere zakken van \u00e9\u00e9n soort besteld, kan het zijn dat de bestelling in het winkelmandje in twee\u00ebn gesplitst wordt (bijvoorbeeld 1x twee zakken krenten en 1x \u00e9\u00e9n zak). De totale prijs is echter correct<\/em>.<em> Onze excuses voor het ongemak!<\/em><\/h5>\n\n\n\n","protected":false},"excerpt":{"rendered":"<p>Let op: Wanneer u meerdere zakken van \u00e9\u00e9n soort besteld, kan het zijn dat de bestelling in het winkelmandje in twee\u00ebn gesplitst wordt (bijvoorbeeld 1x twee zakken krenten en 1x \u00e9\u00e9n zak). De totale prijs is echter correct. Onze excuses voor het ongemak!<\/p>\n","protected":false},"author":1,"featured_media":0,"parent":0,"menu_order":0,"comment_status":"closed","ping_status":"closed","template":"","meta":{"footnotes":""},"class_list":["post-7","page","type-page","status-publish","hentry"],"jetpack_sharing_enabled":true,"_links":{"self":[{"href":"https:\/\/graafvanlynden.nl\/oliebollen\/wp-json\/wp\/v2\/pages\/7","targetHints":{"allow":["GET"]}}],"collection":[{"href":"https:\/\/graafvanlynden.nl\/oliebollen\/wp-json\/wp\/v2\/pages"}],"about":[{"href":"https:\/\/graafvanlynden.nl\/oliebollen\/wp-json\/wp\/v2\/types\/page"}],"author":[{"embeddable":true,"href":"https:\/\/graafvanlynden.nl\/oliebollen\/wp-json\/wp\/v2\/users\/1"}],"replies":[{"embeddable":true,"href":"https:\/\/graafvanlynden.nl\/oliebollen\/wp-json\/wp\/v2\/comments?post=7"}],"version-history":[{"count":5,"href":"https:\/\/graafvanlynden.nl\/oliebollen\/wp-json\/wp\/v2\/pages\/7\/revisions"}],"predecessor-version":[{"id":406,"href":"https:\/\/graafvanlynden.nl\/oliebollen\/wp-json\/wp\/v2\/pages\/7\/revisions\/406"}],"wp:attachment":[{"href":"https:\/\/graafvanlynden.nl\/oliebollen\/wp-json\/wp\/v2\/media?parent=7"}],"curies":[{"name":"wp","href":"https:\/\/api.w.org\/{rel}","templated":true}]}}